{"id":521,"date":"2015-06-17T13:06:42","date_gmt":"2015-06-17T12:06:42","guid":{"rendered":"http:\/\/www.beryepetit.com\/en\/?page_id=521"},"modified":"2017-04-24T15:29:36","modified_gmt":"2017-04-24T14:29:36","slug":"leisure","status":"publish","type":"page","link":"https:\/\/www.beryepetit.com\/en\/leisure\/","title":{"rendered":"Leisure"},"content":{"rendered":"<div id=\"ConstellationWidgetContainerd905ab50-d2e7-4957-9e9d-264e1aa9cf5d\" style=\"width: 100%;\" title=\"Eth B\u00e9ry\u00e8 Petit\" data-id-projet=\"d905ab50d2e749579e9d264e1aa9cf5d\">Loading&#8230;<\/div>\n<p><script src=\"https:\/\/reservation.elloha.com\/Scripts\/widget-loader.min.js?v=33\" type=\"text\/javascript\"><\/script><script type=\"text\/javascript\">\/\/ <![CDATA[\nvar constellationWidgetUrld905ab50d2e749579e9d264e1aa9cf5d, constellationTypeModuled905ab50d2e749579e9d264e1aa9cf5d; constellationWidgetUrld905ab50d2e749579e9d264e1aa9cf5d = 'https:\/\/reservation.elloha.com\/Widget\/BookingEngine\/d905ab50-d2e7-4957-9e9d-264e1aa9cf5d?idoi=8d84cb08-1acf-493b-ba02-be0d98b92fbb&#038;culture=en-GB'; constellationTypeModuled905ab50d2e749579e9d264e1aa9cf5d=1; constellationWidgetLoad('ConstellationWidgetContainerd905ab50-d2e7-4957-9e9d-264e1aa9cf5d'); constellationWidgetAddEvent(window, \"resize\", function () { constellationWidgetSetAppearance('ConstellationWidgetContainerd905ab50-d2e7-4957-9e9d-264e1aa9cf5d'); });\n\/\/ ]]><\/script><\/p>\n<p>&nbsp;<\/p>\n<p>&nbsp;<\/p>\n<p>Amazing landscapes, wide open spaces, preserved\u00a0environment, mythical mountain passes &#8230; in the south of the Hautes-Pyr\u00e9n\u00e9es department, nature rule unchallenged. 15 km south of Lourdes, 4 km from Argel\u00e8s-Gazost, Beaucens enjoys a central location at the crossroads of several valleys. Whether on foot or by bike, by motorcycle or by car, you will be ideally situated for exploring the major sites.<\/p>\n<p>&nbsp;<\/p>\n<h2>In summer &#8230;<\/h2>\n<div class=\"grid3columnbig\">\n<p>A great\u00a0variety of mountain trails or gentle walks in the surroundings will delight\u00a0hikers of any level:<\/p>\n<ul>\n<li>Cirque of Gavarnie,<\/li>\n<li>Pont d&#8217;Espagne waterfalls,<\/li>\n<li>Pic du Midi of Bigorre,<\/li>\n<li>Lake of Gaube,<\/li>\n<li>Br\u00e8che\u00a0de Roland,<\/li>\n<li>Cirques deTroumouse and Estaub\u00e9,<\/li>\n<li>Valleys of Marcadau and Lutour,<\/li>\n<\/ul>\n<p>&nbsp;<br \/>\nSeveral legendary passes of the Tour de France are within a radius of 25km around the house,<\/p>\n<ul>\n<li>The Tourmalet,<\/li>\n<li>The Soulor and the Aubisque,<\/li>\n<li>Luz-Ardiden,<\/li>\n<li>Hautacam.<\/li>\n<\/ul>\n<p>A locked\u00a0shelter for bikes is available at the house.<\/p>\n<p>&nbsp;<\/p>\n<p><\/div> <div class=\"grid3column lastcolumn\"><a href=\"http:\/\/www.beryepetit.com\/wp-content\/uploads\/2013\/10\/loisir1.jpg\"><img loading=\"lazy\" decoding=\"async\" class=\"alignnone size-medium wp-image-249\" src=\"http:\/\/www.beryepetit.com\/wp-content\/uploads\/2013\/10\/loisir1-300x199.jpg\" alt=\"loisir1\" width=\"300\" height=\"199\" srcset=\"https:\/\/www.beryepetit.com\/wp-content\/uploads\/2013\/10\/loisir1-300x199.jpg 300w, https:\/\/www.beryepetit.com\/wp-content\/uploads\/2013\/10\/loisir1.jpg 400w\" sizes=\"(max-width: 300px) 100vw, 300px\" \/><\/a>\u00a0<\/div><div class=\"clearfix\"><\/div> <div class=\"grid3column\"><a href=\"http:\/\/www.beryepetit.com\/wp-content\/uploads\/2013\/10\/loisir2.jpg\"><img loading=\"lazy\" decoding=\"async\" class=\"alignnone size-medium wp-image-253\" src=\"http:\/\/www.beryepetit.com\/wp-content\/uploads\/2013\/10\/loisir2-300x195.jpg\" alt=\"loisir2\" width=\"300\" height=\"195\" srcset=\"https:\/\/www.beryepetit.com\/wp-content\/uploads\/2013\/10\/loisir2-300x195.jpg 300w, https:\/\/www.beryepetit.com\/wp-content\/uploads\/2013\/10\/loisir2.jpg 400w\" sizes=\"(max-width: 300px) 100vw, 300px\" \/><\/a>\u00a0<\/div> <div class=\"grid3columnbig lastcolumn\">In the valley, near the house, a wide variety of activities are proposed:<\/p>\n<ul>\n<li>Pyrenees Animal Park Pyrenees,<\/li>\n<li>Donjon des Aigles Birds of Prey Collection and Show,<\/li>\n<li>Chloro&#8217;fil &#8211; Forest Park<\/li>\n<li>Rafting, canyoning,<\/li>\n<li>golf,<\/li>\n<li>Paragliding, climbing,<\/li>\n<li>Pools, Water Park.<\/li>\n<\/ul>\n<p>.<\/div><div class=\"clearfix\"><\/div><\/p>\n<h2>And in winter &#8230;<\/h2>\n<div class=\"grid3columnbig\">\n<p>&nbsp;<\/p>\n<p>Enjoy mountain scenery in winter with snowshoes, or sweep the snowy slopes in several nearby ski resorts:<\/p>\n<ul>\n<li>Luz-Ardiden,<\/li>\n<li>Cauterets,<\/li>\n<li>Domaine du Tourmalet (Bareges-La Mongie),<\/li>\n<li>Gavarnie,<\/li>\n<li>Hautacam, small family resort in a beautiful setting.<\/li>\n<\/ul>\n<p>&nbsp;<br \/>\nFor cross-country skiing, two areas will delight amateurs:<\/p>\n<ul>\n<li>The Val d&#8217;Azun &#8211; Couraduque and Soulor (110 km of slopes),<\/li>\n<li>The Pont d&#8217;Espagne (36 km of slopes).<\/li>\n<\/ul>\n<p>&nbsp;<\/p>\n<p><\/div> <div class=\"grid3column lastcolumn\"><a href=\"http:\/\/www.beryepetit.com\/wp-content\/uploads\/2012\/10\/loisir5.jpg\"><img loading=\"lazy\" decoding=\"async\" class=\"alignnone size-medium wp-image-158\" src=\"http:\/\/www.beryepetit.com\/wp-content\/uploads\/2012\/10\/loisir5-300x197.jpg\" alt=\"loisir5\" width=\"300\" height=\"197\" srcset=\"https:\/\/www.beryepetit.com\/wp-content\/uploads\/2012\/10\/loisir5-300x197.jpg 300w, https:\/\/www.beryepetit.com\/wp-content\/uploads\/2012\/10\/loisir5.jpg 400w\" sizes=\"(max-width: 300px) 100vw, 300px\" \/><\/a>\u00a0<\/div><div class=\"clearfix\"><\/div><\/p>\n<h2><\/h2>\n<h2><\/h2>\n<h2>All the year round &#8230;<\/h2>\n<ul>\n<li>Thermal centers (Argel\u00e8s-Gazost, Luz-St Sauveur, Cauterets &#8230;) After strolling or skiing, relax in a whirlpool bath, sauna or hammam to regain energy and well-being.(bring your bathing suit).<\/li>\n<li>15 minutes from the house, Lourdes and its worldwide famous sanctuaries.<\/li>\n<li>At 50 minutes, Pau, its old town and\u00a0Henri IV royal castle. The vineyards of Juran\u00e7on are a stone&#8217;s throw away.<\/li>\n<li>The Caves of Betharram and M\u00e9dous,<\/li>\n<li>The village and the abbey church of Saint Savin, the fortified church of Luz-Saint-Sauveur.<\/li>\n<\/ul>\n<p>&nbsp;<\/p>\n<h2>Food<\/h2>\n<p>In the markets you will find the local produce that you can also taste in the\u00a0some very good restaurants and inns in the valley,<\/p>\n<ul>\n<li>Garbure, traditional hearty soup,<\/li>\n<li>Bar\u00e8ges mutton (AOC) and local lamb\u00a0, traditionally bred,<\/li>\n<li>Bigorre Black Pork\u00a0delicatessen,<\/li>\n<li>Sheep&#8217;s cheese,<\/li>\n<li>Foie-gras, confits,<\/li>\n<li>Tarbais white beans,<\/li>\n<li>The traditional Cake cooked on a spit &#8230;<\/li>\n<\/ul>\n<p>In the north of the department, the vineyards of Madiran, Pacherenc de Vic Bilh or Tariquet, complete with character the gastronomic offer.<\/p>\n","protected":false},"excerpt":{"rendered":"<p>Loading&#8230; &nbsp; &nbsp; Amazing landscapes, wide open spaces, preserved\u00a0environment, mythical mountain passes &#8230; in the south of the Hautes-Pyr\u00e9n\u00e9es department, nature rule unchallenged. 15 km south of Lourdes, 4 km from Argel\u00e8s-Gazost, Beaucens enjoys a central location at the crossroads of several valleys. Whether on foot or by bike, by motorcycle or by car, you [&hellip;]<\/p>\n","protected":false},"author":1,"featured_media":182,"parent":0,"menu_order":0,"comment_status":"closed","ping_status":"open","template":"","meta":{"footnotes":""},"class_list":["post-521","page","type-page","status-publish","has-post-thumbnail","hentry"],"aioseo_notices":[],"_links":{"self":[{"href":"https:\/\/www.beryepetit.com\/en\/wp-json\/wp\/v2\/pages\/521"}],"collection":[{"href":"https:\/\/www.beryepetit.com\/en\/wp-json\/wp\/v2\/pages"}],"about":[{"href":"https:\/\/www.beryepetit.com\/en\/wp-json\/wp\/v2\/types\/page"}],"author":[{"embeddable":true,"href":"https:\/\/www.beryepetit.com\/en\/wp-json\/wp\/v2\/users\/1"}],"replies":[{"embeddable":true,"href":"https:\/\/www.beryepetit.com\/en\/wp-json\/wp\/v2\/comments?post=521"}],"version-history":[{"count":4,"href":"https:\/\/www.beryepetit.com\/en\/wp-json\/wp\/v2\/pages\/521\/revisions"}],"predecessor-version":[{"id":706,"href":"https:\/\/www.beryepetit.com\/en\/wp-json\/wp\/v2\/pages\/521\/revisions\/706"}],"wp:featuredmedia":[{"embeddable":true,"href":"https:\/\/www.beryepetit.com\/en\/wp-json\/wp\/v2\/media\/182"}],"wp:attachment":[{"href":"https:\/\/www.beryepetit.com\/en\/wp-json\/wp\/v2\/media?parent=521"}],"curies":[{"name":"wp","href":"https:\/\/api.w.org\/{rel}","templated":true}]}}